{"id":2403,"date":"2021-05-24T09:31:18","date_gmt":"2021-05-24T09:31:18","guid":{"rendered":"https:\/\/askka.qodeinteractive.com\/?post_type=product&#038;p=2403"},"modified":"2026-03-19T15:25:50","modified_gmt":"2026-03-19T14:25:50","slug":"fresh-soap","status":"publish","type":"product","link":"https:\/\/powidla.com.pl\/index.php\/produkt\/fresh-soap\/","title":{"rendered":"Powid\u0142a \u015bliwkowe z rumem"},"content":{"rendered":"<p>Termin wa\u017cno\u015bci: do 12 miesi\u0119cy, po otwarciu 7 dni<\/p>\n<p>Masa\/obj\u0119to\u015b\u0107 produktu: 330 ml<\/p>\n<p>Warunki przechowywania: Powid\u0142a przechowujemy w zaciemnionym i ch\u0142odnym miejscu. Po otwarciu przechowywa\u0107 w lod\u00f3wce.<\/p>\n<p>Sk\u0142adniki: \u015bliwki 99% i 1% rum<\/p>\n<p>Produkt pasteryzowany<\/p>\n","protected":false},"excerpt":{"rendered":"<p><strong>Dodatek rumu nadaje \u015bliwkom g\u0142\u0119bi, szlachetnego aromatu i nieco bardziej \u201edoros\u0142ego\u201d charakteru. Dojrza\u0142e \u015bliwki i nuta ciemnego rumu. To wyrafinowana kompozycja smak\u00f3w, w kt\u00f3rej owocowa s\u0142odycz przeplata si\u0119 z d\u0119bowym aromatem trunku. Idealny wyb\u00f3r na ch\u0142odne wieczory, podany w najbardziej eleganckim wydaniu.<\/strong><\/p>\n<p>Nasze powid\u0142a to powr\u00f3t do korzeni. Sma\u017cymy je cierpliwie przez wiele godzin, dok\u0142adnie tak, jak robi\u0142y to nasze babcie. Dzi\u0119ki tradycyjnej, rodzinnej recepturze uzyskujemy g\u0142\u0119boki aromat i idealn\u0105 g\u0119sto\u015b\u0107 bez \u017cadnych dr\u00f3g na skr\u00f3ty.<\/p>\n<p>Wierzymy, \u017ce najlepsze sk\u0142adniki obroni\u0105 si\u0119 same. Dlatego w naszych powid\u0142ach nie znajdziesz ani grama dodanego cukru. Ca\u0142a s\u0142odycz pochodzi wy\u0142\u0105cznie z najwy\u017cszej jako\u015bci \u015bliwek z naszych w\u0142asnych, starannie piel\u0119gnowanych upraw.<\/p>\n<ul>\n<li>99% owoc\u00f3w 1% rum.<\/li>\n<li>Czysta etykieta: produkt w pe\u0142ni naturalny, idealny dla \u015bwiadomych konsument\u00f3w.<\/li>\n<\/ul>\n<p>Poczuj r\u00f3\u017cnic\u0119, kt\u00f3r\u0105 daje pasja i w\u0142asne sady. Spr\u00f3buj powide\u0142, w kt\u00f3rych jedynym dodatkiem jest czas.<\/p>\n","protected":false},"featured_media":9010,"comment_status":"open","ping_status":"closed","template":"","meta":[],"product_brand":[],"product_cat":[70],"product_tag":[38,46],"class_list":{"0":"post-2403","1":"product","2":"type-product","3":"status-publish","4":"has-post-thumbnail","6":"product_cat-powidla","7":"product_tag-gift","8":"product_tag-scent","10":"first","11":"instock","12":"shipping-taxable","13":"purchasable","14":"product-type-simple"},"jetpack_sharing_enabled":true,"_links":{"self":[{"href":"https:\/\/powidla.com.pl\/index.php\/wp-json\/wp\/v2\/product\/2403","targetHints":{"allow":["GET"]}}],"collection":[{"href":"https:\/\/powidla.com.pl\/index.php\/wp-json\/wp\/v2\/product"}],"about":[{"href":"https:\/\/powidla.com.pl\/index.php\/wp-json\/wp\/v2\/types\/product"}],"replies":[{"embeddable":true,"href":"https:\/\/powidla.com.pl\/index.php\/wp-json\/wp\/v2\/comments?post=2403"}],"wp:featuredmedia":[{"embeddable":true,"href":"https:\/\/powidla.com.pl\/index.php\/wp-json\/wp\/v2\/media\/9010"}],"wp:attachment":[{"href":"https:\/\/powidla.com.pl\/index.php\/wp-json\/wp\/v2\/media?parent=2403"}],"wp:term":[{"taxonomy":"product_brand","embeddable":true,"href":"https:\/\/powidla.com.pl\/index.php\/wp-json\/wp\/v2\/product_brand?post=2403"},{"taxonomy":"product_cat","embeddable":true,"href":"https:\/\/powidla.com.pl\/index.php\/wp-json\/wp\/v2\/product_cat?post=2403"},{"taxonomy":"product_tag","embeddable":true,"href":"https:\/\/powidla.com.pl\/index.php\/wp-json\/wp\/v2\/product_tag?post=2403"}],"curies":[{"name":"wp","href":"https:\/\/api.w.org\/{rel}","templated":true}]}}