{"id":2095,"date":"2021-05-21T10:21:42","date_gmt":"2021-05-21T10:21:42","guid":{"rendered":"https:\/\/askka.qodeinteractive.com\/?post_type=product&#038;p=2095"},"modified":"2026-03-19T15:42:34","modified_gmt":"2026-03-19T14:42:34","slug":"simple-candle","status":"publish","type":"product","link":"https:\/\/powidla.com.pl\/index.php\/produkt\/simple-candle\/","title":{"rendered":"Powid\u0142a \u015bliwkowe ze sk\u00f3rk\u0105 pomara\u0144czy bez cukru"},"content":{"rendered":"<p>Termin wa\u017cno\u015bci: do 12 miesi\u0119cy, po otwarciu 7 dni<\/p>\n<p>Masa\/obj\u0119to\u015b\u0107 produktu: 330 ml<\/p>\n<p>Warunki przechowywania: Powid\u0142a przechowujemy w zaciemnionym i ch\u0142odnym miejscu. Po otwarciu przechowywa\u0107 w lod\u00f3wce.<\/p>\n<p>Sk\u0142adniki: \u015bliwki 99%, 1% sk\u00f3rka pomara\u0144czy<\/p>\n<p>Produkt pasteryzowany<\/p>\n","protected":false},"excerpt":{"rendered":"<p><strong>Wystarczy odrobina aromatycznej sk\u00f3rki pomara\u0144czy, by wydoby\u0107 z naszych \u015bliwek ich najg\u0142\u0119bsz\u0105, naturaln\u0105 s\u0142odycz. To orze\u017awiaj\u0105cy, cytrusowy akcent, kt\u00f3ry przywo\u0142uje wspomnienia wiosny i lata.<\/strong><\/p>\n<p>Nasze powid\u0142a to powr\u00f3t do korzeni. Sma\u017cymy je cierpliwie przez wiele godzin, dok\u0142adnie tak, jak robi\u0142y to nasze babcie. Dzi\u0119ki tradycyjnej, rodzinnej recepturze uzyskujemy g\u0142\u0119boki aromat i idealn\u0105 g\u0119sto\u015b\u0107 bez \u017cadnych dr\u00f3g na skr\u00f3ty.<\/p>\n<p>Wierzymy, \u017ce najlepsze sk\u0142adniki obroni\u0105 si\u0119 same. Dlatego w naszych powid\u0142ach nie znajdziesz ani grama dodanego cukru. Ca\u0142a s\u0142odycz pochodzi wy\u0142\u0105cznie z najwy\u017cszej jako\u015bci \u015bliwek z naszych w\u0142asnych, starannie piel\u0119gnowanych upraw.<\/p>\n<ul>\n<li>99% \u015bliwki, 1% sk\u00f3rka pomara\u0144czy.<\/li>\n<li>Czysta etykieta: produkt w pe\u0142ni naturalny, idealny dla \u015bwiadomych konsument\u00f3w.<\/li>\n<li>Bezpieczne dla najm\u0142odszych: brak dodanego cukru sprawia, \u017ce to doskona\u0142y wyb\u00f3r nawet dla ma\u0142ych dzieci.<\/li>\n<\/ul>\n<p>Poczuj r\u00f3\u017cnic\u0119, kt\u00f3r\u0105 daje pasja i w\u0142asne sady. Spr\u00f3buj powide\u0142, w kt\u00f3rych jedynym dodatkiem jest czas.<\/p>\n","protected":false},"featured_media":9014,"comment_status":"open","ping_status":"closed","template":"","meta":[],"product_brand":[],"product_cat":[70],"product_tag":[38,46],"class_list":{"0":"post-2095","1":"product","2":"type-product","3":"status-publish","4":"has-post-thumbnail","6":"product_cat-powidla","7":"product_tag-gift","8":"product_tag-scent","10":"first","11":"instock","12":"shipping-taxable","13":"purchasable","14":"product-type-simple"},"jetpack_sharing_enabled":true,"_links":{"self":[{"href":"https:\/\/powidla.com.pl\/index.php\/wp-json\/wp\/v2\/product\/2095","targetHints":{"allow":["GET"]}}],"collection":[{"href":"https:\/\/powidla.com.pl\/index.php\/wp-json\/wp\/v2\/product"}],"about":[{"href":"https:\/\/powidla.com.pl\/index.php\/wp-json\/wp\/v2\/types\/product"}],"replies":[{"embeddable":true,"href":"https:\/\/powidla.com.pl\/index.php\/wp-json\/wp\/v2\/comments?post=2095"}],"wp:featuredmedia":[{"embeddable":true,"href":"https:\/\/powidla.com.pl\/index.php\/wp-json\/wp\/v2\/media\/9014"}],"wp:attachment":[{"href":"https:\/\/powidla.com.pl\/index.php\/wp-json\/wp\/v2\/media?parent=2095"}],"wp:term":[{"taxonomy":"product_brand","embeddable":true,"href":"https:\/\/powidla.com.pl\/index.php\/wp-json\/wp\/v2\/product_brand?post=2095"},{"taxonomy":"product_cat","embeddable":true,"href":"https:\/\/powidla.com.pl\/index.php\/wp-json\/wp\/v2\/product_cat?post=2095"},{"taxonomy":"product_tag","embeddable":true,"href":"https:\/\/powidla.com.pl\/index.php\/wp-json\/wp\/v2\/product_tag?post=2095"}],"curies":[{"name":"wp","href":"https:\/\/api.w.org\/{rel}","templated":true}]}}